{"id":851,"date":"2025-11-19T09:27:47","date_gmt":"2025-11-19T09:27:47","guid":{"rendered":"https:\/\/creativaplv.fr\/?page_id=851"},"modified":"2025-11-19T09:27:47","modified_gmt":"2025-11-19T09:27:47","slug":"eco-conception","status":"publish","type":"page","link":"https:\/\/creativaplv.fr\/index.php\/eco-conception\/","title":{"rendered":"Eco-conception"},"content":{"rendered":"\t\t<div data-elementor-type=\"wp-page\" data-elementor-id=\"851\" class=\"elementor elementor-851\" data-elementor-post-type=\"page\">\n\t\t\t\t\t\t\t\t\t<section data-particle_enable=\"false\" data-particle-mobile-disabled=\"false\" class=\"elementor-section elementor-top-section elementor-element elementor-element-70c94ed elementor-section-boxed elementor-section-height-default elementor-section-height-default\" data-id=\"70c94ed\" data-element_type=\"section\" data-settings=\"{&quot;background_background&quot;:&quot;classic&quot;,&quot;_ha_eqh_enable&quot;:false}\">\n\t\t\t\t\t\t\t<div class=\"elementor-background-overlay\"><\/div>\n\t\t\t\t\t\t\t<div class=\"elementor-container elementor-column-gap-default\">\n\t\t\t\t\t<div class=\"elementor-column elementor-col-100 elementor-top-column elementor-element elementor-element-fb7f9ab\" data-id=\"fb7f9ab\" data-element_type=\"column\">\n\t\t\t<div class=\"elementor-widget-wrap elementor-element-populated\">\n\t\t\t\t\t\t\t\t<div class=\"elementor-element elementor-element-5dabc43 elementor-widget elementor-widget-bdt-advanced-heading\" data-id=\"5dabc43\" data-element_type=\"widget\" data-widget_type=\"bdt-advanced-heading.default\">\n\t\t\t\t<div class=\"elementor-widget-container\">\n\t\t\t<div id =\"5dabc43\" class=\"bdt-ep-advanced-heading\" data-settings=\"{&quot;titleMultiColor&quot;:&quot;no&quot;}\"><h2 class=\"bdt-ep-advanced-heading-title\"><span class=\"bdt-ep-advanced-heading-main-title\"><span class=\"bdt-ep-advanced-heading-main-title-inner\">Une d\u00e9marche Eco-Responsable<\/span><\/span><\/h2><\/div>\t\t<\/div>\n\t\t\t\t<\/div>\n\t\t\t\t<div class=\"elementor-element elementor-element-2854b0b elementor-widget elementor-widget-text-editor\" data-id=\"2854b0b\" data-element_type=\"widget\" data-widget_type=\"text-editor.default\">\n\t\t\t\t<div class=\"elementor-widget-container\">\n\t\t\t<style>\/*! elementor - v3.17.0 - 08-11-2023 *\/\n.elementor-widget-text-editor.elementor-drop-cap-view-stacked .elementor-drop-cap{background-color:#69727d;color:#fff}.elementor-widget-text-editor.elementor-drop-cap-view-framed .elementor-drop-cap{color:#69727d;border:3px solid;background-color:transparent}.elementor-widget-text-editor:not(.elementor-drop-cap-view-default) .elementor-drop-cap{margin-top:8px}.elementor-widget-text-editor:not(.elementor-drop-cap-view-default) .elementor-drop-cap-letter{width:1em;height:1em}.elementor-widget-text-editor .elementor-drop-cap{float:left;text-align:center;line-height:1;font-size:50px}.elementor-widget-text-editor .elementor-drop-cap-letter{display:inline-block}<\/style>\t\t\t\t<p>Creativa PLV s&#8217;investit dans une <strong>initiative<\/strong> <strong>\u00e9coresponsable<\/strong>.<\/p><p>En notre qualit\u00e9 de professionnels, nous assumons la <strong>responsabilit\u00e9 d&#8217;\u0153uvrer pour le bien commun.<\/strong><\/p>\t\t\t\t\t\t<\/div>\n\t\t\t\t<\/div>\n\t\t\t\t\t<\/div>\n\t\t<\/div>\n\t\t\t\t\t\t\t<\/div>\n\t\t<\/section>\n\t\t\t\t<section data-particle_enable=\"false\" data-particle-mobile-disabled=\"false\" class=\"elementor-section elementor-top-section elementor-element elementor-element-be7176a elementor-section-boxed elementor-section-height-default elementor-section-height-default\" data-id=\"be7176a\" data-element_type=\"section\" data-settings=\"{&quot;background_background&quot;:&quot;classic&quot;,&quot;_ha_eqh_enable&quot;:false}\">\n\t\t\t\t\t\t<div class=\"elementor-container elementor-column-gap-default\">\n\t\t\t\t\t<div class=\"elementor-column elementor-col-50 elementor-top-column elementor-element elementor-element-3a83920\" data-id=\"3a83920\" data-element_type=\"column\">\n\t\t\t<div class=\"elementor-widget-wrap elementor-element-populated\">\n\t\t\t\t\t\t\t\t<div class=\"elementor-element elementor-element-28f4f0c elementor-widget elementor-widget-bdt-advanced-heading\" data-id=\"28f4f0c\" data-element_type=\"widget\" data-widget_type=\"bdt-advanced-heading.default\">\n\t\t\t\t<div class=\"elementor-widget-container\">\n\t\t\t<div id =\"28f4f0c\" class=\"bdt-ep-advanced-heading\" data-settings=\"{&quot;titleMultiColor&quot;:&quot;no&quot;}\">\t\t\t<div class=\"bdt-ep-advanced-heading-sub-title\">\n\t\t\t\t<div class=\"bdt-ep-advanced-heading-sub-title-content\">\n\t\t\t\t\t\t\t\t\t\tEngagement Eco-Responsable\t\t\t\t\t\t\t\t\t<\/div>\n\t\t\t\t\t\t\t<\/div>\n\t\t\t<h2 class=\"bdt-ep-advanced-heading-title\"><span class=\"bdt-ep-advanced-heading-main-title\"><span class=\"bdt-ep-advanced-heading-main-title-inner\"> R\u00e9duire notre empreinte \u00e9cologique.<\/span><\/span><\/h2><\/div>\t\t<\/div>\n\t\t\t\t<\/div>\n\t\t\t\t<div class=\"elementor-element elementor-element-0f14f09 elementor-widget elementor-widget-text-editor\" data-id=\"0f14f09\" data-element_type=\"widget\" data-widget_type=\"text-editor.default\">\n\t\t\t\t<div class=\"elementor-widget-container\">\n\t\t\t\t\t\t\t<ul><li>Minimiser la production de d\u00e9chets.<\/li><li>Ajuster la long\u00e9vit\u00e9 de nos produits selon les exigences de nos clients.<\/li><li>Guider nos clients vers l&#8217;utilisation de mat\u00e9riaux respectueux de l&#8217;environnement.<\/li><\/ul>\t\t\t\t\t\t<\/div>\n\t\t\t\t<\/div>\n\t\t\t\t<div class=\"elementor-element elementor-element-7fc9e71 elementor-widget elementor-widget-image\" data-id=\"7fc9e71\" data-element_type=\"widget\" data-widget_type=\"image.default\">\n\t\t\t\t<div class=\"elementor-widget-container\">\n\t\t\t<style>\/*! elementor - v3.17.0 - 08-11-2023 *\/\n.elementor-widget-image{text-align:center}.elementor-widget-image a{display:inline-block}.elementor-widget-image a img[src$=\".svg\"]{width:48px}.elementor-widget-image img{vertical-align:middle;display:inline-block}<\/style>\t\t\t\t\t\t\t\t\t\t\t\t<img decoding=\"async\" width=\"450\" height=\"150\" src=\"https:\/\/creativaplv.fr\/wp-content\/uploads\/2024\/01\/eco-responsable.png\" class=\"attachment-large size-large wp-image-898\" alt=\"\" srcset=\"https:\/\/creativaplv.fr\/wp-content\/uploads\/2024\/01\/eco-responsable.png 450w, https:\/\/creativaplv.fr\/wp-content\/uploads\/2024\/01\/eco-responsable-300x100.png 300w\" sizes=\"(max-width: 450px) 100vw, 450px\" \/>\t\t\t\t\t\t\t\t\t\t\t\t\t\t\t<\/div>\n\t\t\t\t<\/div>\n\t\t\t\t\t<\/div>\n\t\t<\/div>\n\t\t\t\t<div class=\"elementor-column elementor-col-50 elementor-top-column elementor-element elementor-element-85be75b\" data-id=\"85be75b\" data-element_type=\"column\">\n\t\t\t<div class=\"elementor-widget-wrap elementor-element-populated\">\n\t\t\t\t\t\t\t\t<div class=\"elementor-element elementor-element-2aae6c2 elementor-widget elementor-widget-image\" data-id=\"2aae6c2\" data-element_type=\"widget\" data-widget_type=\"image.default\">\n\t\t\t\t<div class=\"elementor-widget-container\">\n\t\t\t\t\t\t\t\t\t\t\t\t\t\t\t<img decoding=\"async\" width=\"800\" height=\"534\" src=\"https:\/\/creativaplv.fr\/wp-content\/uploads\/2024\/01\/icone-abstraite-representant-appel-ecologique-au-recyclage-reutilisation-sous-forme-etang-symbole-recyclage-au-milieu-belle-jungle-intacte-rendu-3d-1024x683.jpg\" class=\"attachment-large size-large wp-image-897\" alt=\"\" srcset=\"https:\/\/creativaplv.fr\/wp-content\/uploads\/2024\/01\/icone-abstraite-representant-appel-ecologique-au-recyclage-reutilisation-sous-forme-etang-symbole-recyclage-au-milieu-belle-jungle-intacte-rendu-3d-1024x683.jpg 1024w, https:\/\/creativaplv.fr\/wp-content\/uploads\/2024\/01\/icone-abstraite-representant-appel-ecologique-au-recyclage-reutilisation-sous-forme-etang-symbole-recyclage-au-milieu-belle-jungle-intacte-rendu-3d-300x200.jpg 300w, https:\/\/creativaplv.fr\/wp-content\/uploads\/2024\/01\/icone-abstraite-representant-appel-ecologique-au-recyclage-reutilisation-sous-forme-etang-symbole-recyclage-au-milieu-belle-jungle-intacte-rendu-3d-768x512.jpg 768w, https:\/\/creativaplv.fr\/wp-content\/uploads\/2024\/01\/icone-abstraite-representant-appel-ecologique-au-recyclage-reutilisation-sous-forme-etang-symbole-recyclage-au-milieu-belle-jungle-intacte-rendu-3d-1536x1024.jpg 1536w\" sizes=\"(max-width: 800px) 100vw, 800px\" \/>\t\t\t\t\t\t\t\t\t\t\t\t\t\t\t<\/div>\n\t\t\t\t<\/div>\n\t\t\t\t\t<\/div>\n\t\t<\/div>\n\t\t\t\t\t\t\t<\/div>\n\t\t<\/section>\n\t\t\t\t\t\t\t<\/div>\n\t\t","protected":false},"excerpt":{"rendered":"<p>Une d\u00e9marche Eco-Responsable Creativa PLV s&#8217;investit dans une initiative \u00e9coresponsable. En notre qualit\u00e9 de professionnels, nous assumons la responsabilit\u00e9 d&#8217;\u0153uvrer pour le bien commun. Engagement Eco-Responsable R\u00e9duire notre empreinte \u00e9cologique. Minimiser la production de d\u00e9chets. Ajuster la long\u00e9vit\u00e9 de nos produits selon les exigences de nos clients. Guider nos clients vers l&#8217;utilisation de mat\u00e9riaux respectueux [&hellip;]<\/p>\n","protected":false},"author":1,"featured_media":0,"parent":0,"menu_order":0,"comment_status":"closed","ping_status":"closed","template":"","meta":{"footnotes":""},"class_list":["post-851","page","type-page","status-publish","hentry"],"_links":{"self":[{"href":"https:\/\/creativaplv.fr\/index.php\/wp-json\/wp\/v2\/pages\/851","targetHints":{"allow":["GET"]}}],"collection":[{"href":"https:\/\/creativaplv.fr\/index.php\/wp-json\/wp\/v2\/pages"}],"about":[{"href":"https:\/\/creativaplv.fr\/index.php\/wp-json\/wp\/v2\/types\/page"}],"author":[{"embeddable":true,"href":"https:\/\/creativaplv.fr\/index.php\/wp-json\/wp\/v2\/users\/1"}],"replies":[{"embeddable":true,"href":"https:\/\/creativaplv.fr\/index.php\/wp-json\/wp\/v2\/comments?post=851"}],"version-history":[{"count":0,"href":"https:\/\/creativaplv.fr\/index.php\/wp-json\/wp\/v2\/pages\/851\/revisions"}],"wp:attachment":[{"href":"https:\/\/creativaplv.fr\/index.php\/wp-json\/wp\/v2\/media?parent=851"}],"curies":[{"name":"wp","href":"https:\/\/api.w.org\/{rel}","templated":true}]}}